{"id":8,"date":"2016-06-22T09:05:48","date_gmt":"2016-06-22T07:05:48","guid":{"rendered":"http:\/\/dj-bert.it-schiller.de\/?page_id=8"},"modified":"2020-01-18T10:00:38","modified_gmt":"2020-01-18T09:00:38","slug":"gute-laune-kann-gebucht-werden","status":"publish","type":"page","link":"https:\/\/schillers-service.de\/dj-bertbak\/","title":{"rendered":"Gute Laune kann gebucht werden"},"content":{"rendered":"<p>Mein Name ist DJ-Bert\u00a0und mit mir erleben Sie gute Laune pur !<\/p>\n<div>Was ich Ihnen bieten kann sind Party-Events jeder Art mit einem breit gef\u00e4cherten Repertoire \u00fcber alle g\u00e4ngigen Musikrichtungen. Profitieren Sie aus meiner Erfahrung aus den Musikrichtungen Schlager \u00fcber Disco Fox Hits bis hin zu Techno und Dancehall.<\/div>\n<h4><strong>Sie w\u00fcnschen sich ein einzigartiges Event?<\/strong><br \/>\n<strong> Sie haben Ihren Ansprechpartner gefunden!<\/strong><\/h4>\n<h2><\/h2>\n<h1>Gute Laune pur<\/h1>\n<div>\n<div><strong>Bei mir haben Sie die Garantie,\u00a0dass Ihr Event ein unvergessliches Ereignis wird.<\/strong><\/div>\n<div><\/div>\n<div>\n<div id='gallery-1' class='czr-gallery row flex-row czr-gallery-style gallery galleryid-8 gallery-columns-6 gallery-size-thumbnail'><figure class='gallery-item col col-auto'>\r\n                        <div class='gallery-icon landscape czr-gallery-icon'>\r\n                              <a data-lb-type=\"grouped-gallery\" title=\"Hochzeit\" href=https:\/\/schillers-service.de\/dj-bertbak\/wp-content\/uploads\/sites\/18\/2016\/06\/bild4_2-1.jpg class=\"bg-link\"><\/a><img loading=\"lazy\" decoding=\"async\" width=\"150\" height=\"150\" src=\"https:\/\/schillers-service.de\/dj-bertbak\/wp-content\/uploads\/sites\/18\/2016\/06\/bild4_2-1-150x150.jpg\" class=\"attachment-thumbnail size-thumbnail\" alt=\"\" sizes=\"auto, (min-width: 1200px) 112.5px, (min-width: 992px) 90px, (min-width: 768px) 60px, (min-width: 576px) 105px, calc( 50vw - 30px )\" aria-describedby=\"gallery-1-244\" \/>\r\n                        <\/div>\r\n                              <figcaption class='wp-caption-text gallery-caption' id='gallery-1-244'>\r\n                              Hochzeit\r\n                              <\/figcaption><\/figure><figure class='gallery-item col col-auto'>\r\n                        <div class='gallery-icon landscape czr-gallery-icon'>\r\n                              <a data-lb-type=\"grouped-gallery\" title=\"kleine Veranstaltung\" href=https:\/\/schillers-service.de\/dj-bertbak\/wp-content\/uploads\/sites\/18\/2016\/06\/bild6-1-1.png class=\"bg-link\"><\/a><img loading=\"lazy\" decoding=\"async\" width=\"150\" height=\"150\" src=\"https:\/\/schillers-service.de\/dj-bertbak\/wp-content\/uploads\/sites\/18\/2016\/06\/bild6-1-1-150x150.png\" class=\"attachment-thumbnail size-thumbnail\" alt=\"\" sizes=\"auto, (min-width: 1200px) 112.5px, (min-width: 992px) 90px, (min-width: 768px) 60px, (min-width: 576px) 105px, calc( 50vw - 30px )\" aria-describedby=\"gallery-1-145\" \/>\r\n                        <\/div>\r\n                              <figcaption class='wp-caption-text gallery-caption' id='gallery-1-145'>\r\n                              kleine Veranstaltung\r\n                              <\/figcaption><\/figure><figure class='gallery-item col col-auto'>\r\n                        <div class='gallery-icon landscape czr-gallery-icon'>\r\n                              <a data-lb-type=\"grouped-gallery\" title=\"gr\u00f6\u00dfere Veranstaltung\" href=https:\/\/schillers-service.de\/dj-bertbak\/wp-content\/uploads\/sites\/18\/2016\/06\/bild4_1-1.jpg class=\"bg-link\"><\/a><img loading=\"lazy\" decoding=\"async\" width=\"150\" height=\"150\" src=\"https:\/\/schillers-service.de\/dj-bertbak\/wp-content\/uploads\/sites\/18\/2016\/06\/bild4_1-1-150x150.jpg\" class=\"attachment-thumbnail size-thumbnail\" alt=\"\" sizes=\"auto, (min-width: 1200px) 112.5px, (min-width: 992px) 90px, (min-width: 768px) 60px, (min-width: 576px) 105px, calc( 50vw - 30px )\" aria-describedby=\"gallery-1-243\" \/>\r\n                        <\/div>\r\n                              <figcaption class='wp-caption-text gallery-caption' id='gallery-1-243'>\r\n                              gr\u00f6\u00dfere Veranstaltung\r\n                              <\/figcaption><\/figure><figure class='gallery-item col col-auto'>\r\n                        <div class='gallery-icon landscape czr-gallery-icon'>\r\n                              <a data-lb-type=\"grouped-gallery\" title=\"Vereinsfeier\" href=https:\/\/schillers-service.de\/dj-bertbak\/wp-content\/uploads\/sites\/18\/2016\/06\/bild8-1.png class=\"bg-link\"><\/a><img loading=\"lazy\" decoding=\"async\" width=\"150\" height=\"150\" src=\"https:\/\/schillers-service.de\/dj-bertbak\/wp-content\/uploads\/sites\/18\/2016\/06\/bild8-1-150x150.png\" class=\"attachment-thumbnail size-thumbnail\" alt=\"\" sizes=\"auto, (min-width: 1200px) 112.5px, (min-width: 992px) 90px, (min-width: 768px) 60px, (min-width: 576px) 105px, calc( 50vw - 30px )\" aria-describedby=\"gallery-1-147\" \/>\r\n                        <\/div>\r\n                              <figcaption class='wp-caption-text gallery-caption' id='gallery-1-147'>\r\n                              Vereinsfeier\r\n                              <\/figcaption><\/figure><figure class='gallery-item col col-auto'>\r\n                        <div class='gallery-icon landscape czr-gallery-icon'>\r\n                              <a data-lb-type=\"grouped-gallery\" title=\"DJ-Bert bei der Arbeit\" href=https:\/\/schillers-service.de\/dj-bertbak\/wp-content\/uploads\/sites\/18\/2016\/06\/bild10-1.png class=\"bg-link\"><\/a><img loading=\"lazy\" decoding=\"async\" width=\"150\" height=\"150\" src=\"https:\/\/schillers-service.de\/dj-bertbak\/wp-content\/uploads\/sites\/18\/2016\/06\/bild10-1-150x150.png\" class=\"attachment-thumbnail size-thumbnail\" alt=\"\" sizes=\"auto, (min-width: 1200px) 112.5px, (min-width: 992px) 90px, (min-width: 768px) 60px, (min-width: 576px) 105px, calc( 50vw - 30px )\" aria-describedby=\"gallery-1-149\" \/>\r\n                        <\/div>\r\n                              <figcaption class='wp-caption-text gallery-caption' id='gallery-1-149'>\r\n                              DJ-Bert bei der Arbeit\r\n                              <\/figcaption><\/figure><figure class='gallery-item col col-auto'>\r\n                        <div class='gallery-icon landscape czr-gallery-icon'>\r\n                              <a data-lb-type=\"grouped-gallery\" title=\"DJ-Bert auf hoher See\" href=https:\/\/schillers-service.de\/dj-bertbak\/wp-content\/uploads\/sites\/18\/2018\/04\/bert1.jpg class=\"bg-link\"><\/a><img loading=\"lazy\" decoding=\"async\" width=\"150\" height=\"150\" src=\"https:\/\/schillers-service.de\/dj-bertbak\/wp-content\/uploads\/sites\/18\/2018\/04\/bert1-150x150.jpg\" class=\"attachment-thumbnail size-thumbnail\" alt=\"\" sizes=\"auto, (min-width: 1200px) 112.5px, (min-width: 992px) 90px, (min-width: 768px) 60px, (min-width: 576px) 105px, calc( 50vw - 30px )\" aria-describedby=\"gallery-1-705\" \/>\r\n                        <\/div>\r\n                              <figcaption class='wp-caption-text gallery-caption' id='gallery-1-705'>\r\n                              DJ-Bert auf hoher See\r\n                              <\/figcaption><\/figure>\r\n                  <\/div>\n\n<\/div>\n<\/div>\n<div>Buchen Sie mich f\u00fcr private oder gesch\u00e4ftliche Events wie:<\/div>\n<ul>\n<li><strong>Hochzeit<\/strong><\/li>\n<li><strong>Geburtstag<\/strong><\/li>\n<li><strong>Jubil\u00e4um<\/strong><\/li>\n<li><strong>Betriebsfeiern<\/strong><\/li>\n<li><strong>Gro\u00dfveranstaltungen<\/strong><\/li>\n<li><strong>Vereinsfeiern<\/strong><\/li>\n<li><strong>Karnevalsveranstaltungen<\/strong><\/li>\n<li><strong>etc.<\/strong><\/li>\n<\/ul>\n<div><img loading=\"lazy\" decoding=\"async\" class=\"alignleft wp-image-242 size-medium\" title=\"Mit der richtigen Beleuchtung kommt auch die gute Laune\" src=\"https:\/\/schillers-service.de\/djbert\/wp-content\/uploads\/sites\/5\/2016\/06\/bild3-2-1-300x200.png\" alt=\"Mit der richtigen Beleuchtung kommt auch die gute Laune\" width=\"300\" height=\"200\" srcset=\"https:\/\/schillers-service.de\/dj-bertbak\/wp-content\/uploads\/sites\/18\/2016\/06\/bild3-2-1-300x200.png 300w, https:\/\/schillers-service.de\/dj-bertbak\/wp-content\/uploads\/sites\/18\/2016\/06\/bild3-2-1-1024x683.png 1024w, https:\/\/schillers-service.de\/dj-bertbak\/wp-content\/uploads\/sites\/18\/2016\/06\/bild3-2-1-768x512.png 768w, https:\/\/schillers-service.de\/dj-bertbak\/wp-content\/uploads\/sites\/18\/2016\/06\/bild3-2-1.png 1404w\" sizes=\"auto, (max-width: 300px) 100vw, 300px\" \/><\/div>\n<div>\n<div><\/div>\n<div><\/div>\n<div>Was ich Ihnen\u00a0biete ist\u00a0Licht, Musik und gute Unterhaltung f\u00fcr das kleinste\u00a0oder gr\u00f6\u00dfte Event von Ihnen. Bei mir bekommen Sie immer\u00a0professionelle Beleuchtung und Beschallung f\u00fcr kleine Events bis hin zu Gro\u00dfveranstaltungen.<\/div>\n<div>Zur anderweitigen Organisation Ihrer Events nutzen Sie unser vielf\u00e4ltiges Angebot zum <a href=\"http:\/\/dj-bert.it-schiller.de\/verleih\/\">Verleih <\/a>von diversen Anlagemodulen.<\/div>\n<\/div>\n<div><\/div>\n<div>Ich berate Sie gerne in allen Themen rund um Ihren Event. So das auch Ihre G\u00e4ste einen bleibenden Eindruck mitnehmen k\u00f6nnen.<\/div>\n<div>\n<h1><b>Ihr DJ-Bert<\/b><\/h1>\n<\/div>\n","protected":false},"excerpt":{"rendered":"<p>Mein Name ist DJ-Bert\u00a0und mit mir erleben Sie gute Laune pur ! Was ich Ihnen bieten kann sind Party-Events jeder Art mit einem breit gef\u00e4cherten Repertoire \u00fcber alle g\u00e4ngigen Musikrichtungen. [&hellip;]<\/p>\n","protected":false},"author":1,"featured_media":707,"parent":0,"menu_order":0,"comment_status":"closed","ping_status":"closed","template":"","meta":{"footnotes":""},"class_list":["post-8","page","type-page","status-publish","has-post-thumbnail"],"yoast_head":"<!-- This site is optimized with the Yoast SEO plugin v25.3 - https:\/\/yoast.com\/wordpress\/plugins\/seo\/ -->\n<title>Gute Laune kann gebucht werden - Backup of DJ-Bert<\/title>\n<meta name=\"description\" content=\"Sie w\u00fcnschen sich ein einzigartiges Event? Sie haben Ihren Ansprechpartner f\u00fcr gute Laune gefunden! Mit DJ-Bert wird Ihr Event ein unvergesslich Ereignis.\" \/>\n<meta name=\"robots\" content=\"index, follow, max-snippet:-1, max-image-preview:large, max-video-preview:-1\" \/>\n<link rel=\"canonical\" href=\"https:\/\/schillers-service.de\/dj-bertbak\/\" \/>\n<meta property=\"og:locale\" content=\"de_DE\" \/>\n<meta property=\"og:type\" content=\"article\" \/>\n<meta property=\"og:title\" content=\"Gute Laune kann gebucht werden - Backup of DJ-Bert\" \/>\n<meta property=\"og:description\" content=\"Sie w\u00fcnschen sich ein einzigartiges Event? Sie haben Ihren Ansprechpartner f\u00fcr gute Laune gefunden! Mit DJ-Bert wird Ihr Event ein unvergesslich Ereignis.\" \/>\n<meta property=\"og:url\" content=\"https:\/\/schillers-service.de\/dj-bertbak\/\" \/>\n<meta property=\"og:site_name\" content=\"Backup of DJ-Bert\" \/>\n<meta property=\"article:modified_time\" content=\"2020-01-18T09:00:38+00:00\" \/>\n<meta property=\"og:image\" content=\"https:\/\/schillers-service.de\/dj-bertbak\/wp-content\/uploads\/sites\/18\/2018\/04\/bert1-1-e1523269006736.jpg\" \/>\n\t<meta property=\"og:image:width\" content=\"960\" \/>\n\t<meta property=\"og:image:height\" content=\"372\" \/>\n\t<meta property=\"og:image:type\" content=\"image\/jpeg\" \/>\n<meta name=\"twitter:card\" content=\"summary_large_image\" \/>\n<meta name=\"twitter:label1\" content=\"Gesch\u00e4tzte Lesezeit\" \/>\n\t<meta name=\"twitter:data1\" content=\"1\u00a0Minute\" \/>\n<script type=\"application\/ld+json\" class=\"yoast-schema-graph\">{\"@context\":\"https:\/\/schema.org\",\"@graph\":[{\"@type\":\"WebPage\",\"@id\":\"https:\/\/schillers-service.de\/dj-bertbak\/\",\"url\":\"https:\/\/schillers-service.de\/dj-bertbak\/\",\"name\":\"Gute Laune kann gebucht werden - Backup of DJ-Bert\",\"isPartOf\":{\"@id\":\"https:\/\/schillers-service.de\/dj-bertbak\/#website\"},\"primaryImageOfPage\":{\"@id\":\"https:\/\/schillers-service.de\/dj-bertbak\/#primaryimage\"},\"image\":{\"@id\":\"https:\/\/schillers-service.de\/dj-bertbak\/#primaryimage\"},\"thumbnailUrl\":\"https:\/\/schillers-service.de\/dj-bertbak\/wp-content\/uploads\/sites\/18\/2018\/04\/bert1-1-e1523269006736.jpg\",\"datePublished\":\"2016-06-22T07:05:48+00:00\",\"dateModified\":\"2020-01-18T09:00:38+00:00\",\"description\":\"Sie w\u00fcnschen sich ein einzigartiges Event? Sie haben Ihren Ansprechpartner f\u00fcr gute Laune gefunden! Mit DJ-Bert wird Ihr Event ein unvergesslich Ereignis.\",\"breadcrumb\":{\"@id\":\"https:\/\/schillers-service.de\/dj-bertbak\/#breadcrumb\"},\"inLanguage\":\"de\",\"potentialAction\":[{\"@type\":\"ReadAction\",\"target\":[\"https:\/\/schillers-service.de\/dj-bertbak\/\"]}]},{\"@type\":\"ImageObject\",\"inLanguage\":\"de\",\"@id\":\"https:\/\/schillers-service.de\/dj-bertbak\/#primaryimage\",\"url\":\"https:\/\/schillers-service.de\/dj-bertbak\/wp-content\/uploads\/sites\/18\/2018\/04\/bert1-1-e1523269006736.jpg\",\"contentUrl\":\"https:\/\/schillers-service.de\/dj-bertbak\/wp-content\/uploads\/sites\/18\/2018\/04\/bert1-1-e1523269006736.jpg\",\"width\":960,\"height\":372},{\"@type\":\"BreadcrumbList\",\"@id\":\"https:\/\/schillers-service.de\/dj-bertbak\/#breadcrumb\",\"itemListElement\":[{\"@type\":\"ListItem\",\"position\":1,\"name\":\"Startseite\",\"item\":\"https:\/\/schillers-service.de\/dj-bertbak\/\"},{\"@type\":\"ListItem\",\"position\":2,\"name\":\"Gute Laune kann gebucht werden\"}]},{\"@type\":\"WebSite\",\"@id\":\"https:\/\/schillers-service.de\/dj-bertbak\/#website\",\"url\":\"https:\/\/schillers-service.de\/dj-bertbak\/\",\"name\":\"Backup of DJ-Bert\",\"description\":\"Gute Laune ist mein Motto\",\"publisher\":{\"@id\":\"https:\/\/schillers-service.de\/dj-bertbak\/#\/schema\/person\/033d26dc771cdb558bce72a55588d761\"},\"potentialAction\":[{\"@type\":\"SearchAction\",\"target\":{\"@type\":\"EntryPoint\",\"urlTemplate\":\"https:\/\/schillers-service.de\/dj-bertbak\/?s={search_term_string}\"},\"query-input\":{\"@type\":\"PropertyValueSpecification\",\"valueRequired\":true,\"valueName\":\"search_term_string\"}}],\"inLanguage\":\"de\"},{\"@type\":[\"Person\",\"Organization\"],\"@id\":\"https:\/\/schillers-service.de\/dj-bertbak\/#\/schema\/person\/033d26dc771cdb558bce72a55588d761\",\"name\":\"Berthold Krips\",\"image\":{\"@type\":\"ImageObject\",\"inLanguage\":\"de\",\"@id\":\"https:\/\/schillers-service.de\/dj-bertbak\/#\/schema\/person\/image\/\",\"url\":\"https:\/\/schillers-service.de\/dj-bertbak\/wp-content\/uploads\/sites\/18\/2018\/04\/cropped-bert2-1-e1523270226374-2.jpg\",\"contentUrl\":\"https:\/\/schillers-service.de\/dj-bertbak\/wp-content\/uploads\/sites\/18\/2018\/04\/cropped-bert2-1-e1523270226374-2.jpg\",\"width\":660,\"height\":794,\"caption\":\"Berthold Krips\"},\"logo\":{\"@id\":\"https:\/\/schillers-service.de\/dj-bertbak\/#\/schema\/person\/image\/\"},\"sameAs\":[\"http:\/\/dj-bert.de\"]}]}<\/script>\n<!-- \/ Yoast SEO plugin. -->","yoast_head_json":{"title":"Gute Laune kann gebucht werden - Backup of DJ-Bert","description":"Sie w\u00fcnschen sich ein einzigartiges Event? Sie haben Ihren Ansprechpartner f\u00fcr gute Laune gefunden! Mit DJ-Bert wird Ihr Event ein unvergesslich Ereignis.","robots":{"index":"index","follow":"follow","max-snippet":"max-snippet:-1","max-image-preview":"max-image-preview:large","max-video-preview":"max-video-preview:-1"},"canonical":"https:\/\/schillers-service.de\/dj-bertbak\/","og_locale":"de_DE","og_type":"article","og_title":"Gute Laune kann gebucht werden - Backup of DJ-Bert","og_description":"Sie w\u00fcnschen sich ein einzigartiges Event? Sie haben Ihren Ansprechpartner f\u00fcr gute Laune gefunden! Mit DJ-Bert wird Ihr Event ein unvergesslich Ereignis.","og_url":"https:\/\/schillers-service.de\/dj-bertbak\/","og_site_name":"Backup of DJ-Bert","article_modified_time":"2020-01-18T09:00:38+00:00","og_image":[{"width":960,"height":372,"url":"https:\/\/schillers-service.de\/dj-bertbak\/wp-content\/uploads\/sites\/18\/2018\/04\/bert1-1-e1523269006736.jpg","type":"image\/jpeg"}],"twitter_card":"summary_large_image","twitter_misc":{"Gesch\u00e4tzte Lesezeit":"1\u00a0Minute"},"schema":{"@context":"https:\/\/schema.org","@graph":[{"@type":"WebPage","@id":"https:\/\/schillers-service.de\/dj-bertbak\/","url":"https:\/\/schillers-service.de\/dj-bertbak\/","name":"Gute Laune kann gebucht werden - Backup of DJ-Bert","isPartOf":{"@id":"https:\/\/schillers-service.de\/dj-bertbak\/#website"},"primaryImageOfPage":{"@id":"https:\/\/schillers-service.de\/dj-bertbak\/#primaryimage"},"image":{"@id":"https:\/\/schillers-service.de\/dj-bertbak\/#primaryimage"},"thumbnailUrl":"https:\/\/schillers-service.de\/dj-bertbak\/wp-content\/uploads\/sites\/18\/2018\/04\/bert1-1-e1523269006736.jpg","datePublished":"2016-06-22T07:05:48+00:00","dateModified":"2020-01-18T09:00:38+00:00","description":"Sie w\u00fcnschen sich ein einzigartiges Event? Sie haben Ihren Ansprechpartner f\u00fcr gute Laune gefunden! Mit DJ-Bert wird Ihr Event ein unvergesslich Ereignis.","breadcrumb":{"@id":"https:\/\/schillers-service.de\/dj-bertbak\/#breadcrumb"},"inLanguage":"de","potentialAction":[{"@type":"ReadAction","target":["https:\/\/schillers-service.de\/dj-bertbak\/"]}]},{"@type":"ImageObject","inLanguage":"de","@id":"https:\/\/schillers-service.de\/dj-bertbak\/#primaryimage","url":"https:\/\/schillers-service.de\/dj-bertbak\/wp-content\/uploads\/sites\/18\/2018\/04\/bert1-1-e1523269006736.jpg","contentUrl":"https:\/\/schillers-service.de\/dj-bertbak\/wp-content\/uploads\/sites\/18\/2018\/04\/bert1-1-e1523269006736.jpg","width":960,"height":372},{"@type":"BreadcrumbList","@id":"https:\/\/schillers-service.de\/dj-bertbak\/#breadcrumb","itemListElement":[{"@type":"ListItem","position":1,"name":"Startseite","item":"https:\/\/schillers-service.de\/dj-bertbak\/"},{"@type":"ListItem","position":2,"name":"Gute Laune kann gebucht werden"}]},{"@type":"WebSite","@id":"https:\/\/schillers-service.de\/dj-bertbak\/#website","url":"https:\/\/schillers-service.de\/dj-bertbak\/","name":"Backup of DJ-Bert","description":"Gute Laune ist mein Motto","publisher":{"@id":"https:\/\/schillers-service.de\/dj-bertbak\/#\/schema\/person\/033d26dc771cdb558bce72a55588d761"},"potentialAction":[{"@type":"SearchAction","target":{"@type":"EntryPoint","urlTemplate":"https:\/\/schillers-service.de\/dj-bertbak\/?s={search_term_string}"},"query-input":{"@type":"PropertyValueSpecification","valueRequired":true,"valueName":"search_term_string"}}],"inLanguage":"de"},{"@type":["Person","Organization"],"@id":"https:\/\/schillers-service.de\/dj-bertbak\/#\/schema\/person\/033d26dc771cdb558bce72a55588d761","name":"Berthold Krips","image":{"@type":"ImageObject","inLanguage":"de","@id":"https:\/\/schillers-service.de\/dj-bertbak\/#\/schema\/person\/image\/","url":"https:\/\/schillers-service.de\/dj-bertbak\/wp-content\/uploads\/sites\/18\/2018\/04\/cropped-bert2-1-e1523270226374-2.jpg","contentUrl":"https:\/\/schillers-service.de\/dj-bertbak\/wp-content\/uploads\/sites\/18\/2018\/04\/cropped-bert2-1-e1523270226374-2.jpg","width":660,"height":794,"caption":"Berthold Krips"},"logo":{"@id":"https:\/\/schillers-service.de\/dj-bertbak\/#\/schema\/person\/image\/"},"sameAs":["http:\/\/dj-bert.de"]}]}},"_links":{"self":[{"href":"https:\/\/schillers-service.de\/dj-bertbak\/wp-json\/wp\/v2\/pages\/8","targetHints":{"allow":["GET"]}}],"collection":[{"href":"https:\/\/schillers-service.de\/dj-bertbak\/wp-json\/wp\/v2\/pages"}],"about":[{"href":"https:\/\/schillers-service.de\/dj-bertbak\/wp-json\/wp\/v2\/types\/page"}],"author":[{"embeddable":true,"href":"https:\/\/schillers-service.de\/dj-bertbak\/wp-json\/wp\/v2\/users\/1"}],"replies":[{"embeddable":true,"href":"https:\/\/schillers-service.de\/dj-bertbak\/wp-json\/wp\/v2\/comments?post=8"}],"version-history":[{"count":1,"href":"https:\/\/schillers-service.de\/dj-bertbak\/wp-json\/wp\/v2\/pages\/8\/revisions"}],"predecessor-version":[{"id":1181,"href":"https:\/\/schillers-service.de\/dj-bertbak\/wp-json\/wp\/v2\/pages\/8\/revisions\/1181"}],"wp:featuredmedia":[{"embeddable":true,"href":"https:\/\/schillers-service.de\/dj-bertbak\/wp-json\/wp\/v2\/media\/707"}],"wp:attachment":[{"href":"https:\/\/schillers-service.de\/dj-bertbak\/wp-json\/wp\/v2\/media?parent=8"}],"curies":[{"name":"wp","href":"https:\/\/api.w.org\/{rel}","templated":true}]}}