{"id":514,"date":"2016-11-23T08:53:42","date_gmt":"2016-11-23T07:53:42","guid":{"rendered":"http:\/\/dj-bert.de\/?page_id=514"},"modified":"2020-01-27T19:57:17","modified_gmt":"2020-01-27T18:57:17","slug":"link-tipps","status":"publish","type":"page","link":"https:\/\/schillers-service.de\/dj-bertbak\/link-tipps\/","title":{"rendered":"Link Tipps"},"content":{"rendered":"<p>An dieser Stelle m\u00f6chte ich meine pers\u00f6nliche Linkliste zeigen. Sie wird nicht immer auf dem aktuellsten Stand sein und den ein oder andere habe ich vielleicht auch vergessen.<\/p>\n<h1>Hier die Links:<\/h1>\n<hr \/>\n<h2><span style=\"color: #ff0000;\">Peters Brauhaus<\/span><\/h2>\n<p><a href=\"http:\/\/www.peters-brauhaus.de\" target=\"_blank\" rel=\"noopener noreferrer\"><img loading=\"lazy\" decoding=\"async\" class=\"alignleft wp-image-130 size-medium\" src=\"http:\/\/dj-bert.de\/wp-content\/uploads\/2016\/06\/Peters_Brauhaus-300x220.jpg\" alt=\"Peters Brauhaus\" width=\"300\" height=\"220\" \/><\/a>Wer den k\u00f6lschenen Lifestyle richtig erleben m\u00f6chte, ist bei Peters Brauhaus direkt an der richtigen Adresse, ganz nach dem Motto \u201eHier ist K\u00f6ln zu Haus\u201c.<\/p>\n<p>Ob man sein K\u00f6lsch trinken oder regionale K\u00fcche genie\u00dfen m\u00f6chte, kommt nicht an Peters Brauhaus vorbei. Schauen Sie einfach auf die Bewertungen oder noch besser, besuchen Sie einfach Peters Brauhaus und lassen sich auf k\u00f6lsche Art verw\u00f6hnen.<\/p>\n<p><strong>Un he f\u00f6r der L\u00fcck us unserer Moderschpott:<\/strong><\/p>\n<p>W\u00e4 d&#8217;r k\u00f6lschenen Lifestyle richtich erleben m\u00f6ch, es bei Peters Br\u00e4ues direkt ahn d&#8217;r richtigen Adress, janz noh d\u00e4m Motto \u201e Hier es K\u00f6lle ze Haus\u201c.<\/p>\n<p>Ov mer sie Oberj\u00e4rijes drinke oder regionale K\u00f6ch jenee\u00dfe m\u00f6ch, k\u00fctt nit ahn Peters Br\u00e4ues v\u00f6rbei. Kicke Se effe op der Bewertungen oder noch n\u00f6tzer, bes\u00f6ke Se effe Peters Br\u00e4ues un lo\u00dfe sich op k\u00f6lsche Aat vert\u00fcttele.<\/p>\n<hr \/>\n<h2><span style=\"color: #ff0000;\">Jeckediz<\/span><\/h2>\n<p><a href=\"http:\/\/www.jeckediz.de\/\" target=\"_blank\" rel=\"noopener noreferrer\"><img loading=\"lazy\" decoding=\"async\" class=\"alignleft wp-image-515 size-medium\" src=\"http:\/\/dj-bert.de\/wp-content\/uploads\/2016\/11\/image-300x213.jpg\" alt=\"Jeckediz\" width=\"300\" height=\"213\" \/><\/a><\/p>\n<p>Ich habe schon viel Spa\u00df mit dieser j\u00e4cken Gruppe gehabt und kann nur sagen, der Name ist Programm. Da wo sie auftreten ist gute Stimmung vorprogrammiert. Es macht einfach nur Laune sie zu h\u00f6ren und mit ihnen zu feiern.<\/p>\n<p><strong>Un he f\u00f6r der L\u00fcck us unserer Moderschpott:<\/strong><\/p>\n<p>Isch han allt vill Feez met d\u00e4 j\u00e4cken Gruppe gehabt un kann nor sagen, d&#8217;r Name es Programm. Do wo se sin es gode Stimmung vorprogrammiert. Et m\u00e4\u00e4t effe nor Luun se ze h\u00fcre un met ihnen ze feere.<\/p>\n<hr \/>\n<h2><strong><span style=\"color: #ff0000;\"><br \/>\nKG de K\u00f6lsche Mad\u00e4mcher e.V.<\/span><\/strong><\/h2>\n<p><img loading=\"lazy\" decoding=\"async\" class=\"wp-image-870 size-full alignleft\" src=\"http:\/\/schillers-service.de\/dj-bertbak\/wp-content\/uploads\/sites\/5\/2020\/01\/logo_mad\u00e4mcher_rz2018-crop-u31393.png\" alt=\"\" width=\"159\" height=\"127\" \/><\/p>\n<p>Wer einmal Karneval so richtig erleben m\u00f6chte, kommt an unsere K\u00f6lsche Mad\u00e4mcher nicht vorbei. Wer einmal mit denen gefeiert hat m\u00f6chte es am liebsten immer wieder tun. Sie garantieren, genau wie ich, Laune und Spa\u00df pur.<\/p>\n<p><strong>Un he f\u00f6r der L\u00fcck us unserer Moderschpott:<\/strong><\/p>\n<div id=\"Output\" class=\"el-textarea translator__output\">\n<div class=\"el-textarea__inner output show-word-count\"><span class=\"word word--multiple\" data-count=\"2\">W\u00e4r<\/span> <span class=\"word word--multiple\" data-count=\"4\">eenmol<\/span> <span class=\"word word--single\" data-count=\"1\">Fastelovend<\/span> <span class=\"word word--multiple\" data-count=\"2\">esu<\/span> <span class=\"word word--single\" data-count=\"1\">richtich<\/span> <span class=\"no-match\">erleben<\/span> <span class=\"word word--single\" data-count=\"1\">m\u00f6ch<\/span><span class=\"no-match\">, <\/span><span class=\"word word--multiple\" data-count=\"3\">k\u00fctt<\/span> <span class=\"word word--multiple\" data-count=\"2\">aan<\/span> <span class=\"word word--single\" data-count=\"1\">uns<\/span> <span class=\"no-match\">K\u00f6lsche<\/span> <span class=\"no-match\">Mad\u00e4mcher<\/span> <span class=\"word word--multiple\" data-count=\"2\">net<\/span> <span class=\"word word--multiple\" data-count=\"3\">v\u00f6rbei<\/span><span class=\"no-match\">. <\/span><span class=\"word word--multiple\" data-count=\"2\">W\u00e4r<\/span> <span class=\"word word--multiple\" data-count=\"4\">eenmol<\/span> <span class=\"word word--single\" data-count=\"1\">met<\/span> <span class=\"no-match\">denen<\/span> <span class=\"no-match\">gefeiert<\/span> <span class=\"word word--multiple\" data-count=\"2\">h\u00e4t<\/span> <span class=\"word word--single\" data-count=\"1\">m\u00f6ch<\/span> <span class=\"word word--multiple\" data-count=\"2\">et<\/span> <span class=\"no-match\">am<\/span> <span class=\"word word--single\" data-count=\"1\">leevcher<\/span> <span class=\"word word--multiple\" data-count=\"4\">emme<\/span> <span class=\"word word--single\" data-count=\"1\">widder<\/span> <span class=\"word word--multiple\" data-count=\"2\">dun<\/span><span class=\"no-match\">. <\/span><span class=\"word word--multiple\" data-count=\"2\">Se<\/span> <span class=\"no-match\">garantieren<\/span><span class=\"no-match\">, <\/span><span class=\"word word--multiple\" data-count=\"2\">akkurat<\/span> <span class=\"no-match\">wie<\/span> <span class=\"word word--single\" data-count=\"1\">isch<\/span><span class=\"no-match\">, <\/span><span class=\"word word--single\" data-count=\"1\">Luun<\/span> <span class=\"word word--single\" data-count=\"1\">un<\/span> <span class=\"word word--multiple\" data-count=\"2\">Feez<\/span> <span class=\"no-match\">pur<\/span><span class=\"no-match\">.<\/span><\/div>\n<\/div>\n","protected":false},"excerpt":{"rendered":"<p>An dieser Stelle m\u00f6chte ich meine pers\u00f6nliche Linkliste zeigen. Sie wird nicht immer auf dem aktuellsten Stand sein und den ein oder andere habe ich vielleicht auch vergessen. Hier die [&hellip;]<\/p>\n","protected":false},"author":1,"featured_media":0,"parent":0,"menu_order":0,"comment_status":"closed","ping_status":"closed","template":"","meta":{"footnotes":""},"class_list":["post-514","page","type-page","status-publish"],"yoast_head":"<!-- This site is optimized with the Yoast SEO plugin v25.3 - https:\/\/yoast.com\/wordpress\/plugins\/seo\/ -->\n<title>Link Tipps - Backup of DJ-Bert<\/title>\n<meta name=\"robots\" content=\"index, follow, max-snippet:-1, max-image-preview:large, max-video-preview:-1\" \/>\n<link rel=\"canonical\" href=\"https:\/\/schillers-service.de\/dj-bertbak\/link-tipps\/\" \/>\n<meta property=\"og:locale\" content=\"de_DE\" \/>\n<meta property=\"og:type\" content=\"article\" \/>\n<meta property=\"og:title\" content=\"Link Tipps - Backup of DJ-Bert\" \/>\n<meta property=\"og:description\" content=\"An dieser Stelle m\u00f6chte ich meine pers\u00f6nliche Linkliste zeigen. Sie wird nicht immer auf dem aktuellsten Stand sein und den ein oder andere habe ich vielleicht auch vergessen. Hier die [&hellip;]\" \/>\n<meta property=\"og:url\" content=\"https:\/\/schillers-service.de\/dj-bertbak\/link-tipps\/\" \/>\n<meta property=\"og:site_name\" content=\"Backup of DJ-Bert\" \/>\n<meta property=\"article:modified_time\" content=\"2020-01-27T18:57:17+00:00\" \/>\n<meta property=\"og:image\" content=\"http:\/\/dj-bert.de\/wp-content\/uploads\/2016\/06\/Peters_Brauhaus-300x220.jpg\" \/>\n<meta name=\"twitter:card\" content=\"summary_large_image\" \/>\n<meta name=\"twitter:label1\" content=\"Gesch\u00e4tzte Lesezeit\" \/>\n\t<meta name=\"twitter:data1\" content=\"2\u00a0Minuten\" \/>\n<script type=\"application\/ld+json\" class=\"yoast-schema-graph\">{\"@context\":\"https:\/\/schema.org\",\"@graph\":[{\"@type\":\"WebPage\",\"@id\":\"https:\/\/schillers-service.de\/dj-bertbak\/link-tipps\/\",\"url\":\"https:\/\/schillers-service.de\/dj-bertbak\/link-tipps\/\",\"name\":\"Link Tipps - Backup of DJ-Bert\",\"isPartOf\":{\"@id\":\"https:\/\/schillers-service.de\/dj-bertbak\/#website\"},\"primaryImageOfPage\":{\"@id\":\"https:\/\/schillers-service.de\/dj-bertbak\/link-tipps\/#primaryimage\"},\"image\":{\"@id\":\"https:\/\/schillers-service.de\/dj-bertbak\/link-tipps\/#primaryimage\"},\"thumbnailUrl\":\"http:\/\/dj-bert.de\/wp-content\/uploads\/2016\/06\/Peters_Brauhaus-300x220.jpg\",\"datePublished\":\"2016-11-23T07:53:42+00:00\",\"dateModified\":\"2020-01-27T18:57:17+00:00\",\"breadcrumb\":{\"@id\":\"https:\/\/schillers-service.de\/dj-bertbak\/link-tipps\/#breadcrumb\"},\"inLanguage\":\"de\",\"potentialAction\":[{\"@type\":\"ReadAction\",\"target\":[\"https:\/\/schillers-service.de\/dj-bertbak\/link-tipps\/\"]}]},{\"@type\":\"ImageObject\",\"inLanguage\":\"de\",\"@id\":\"https:\/\/schillers-service.de\/dj-bertbak\/link-tipps\/#primaryimage\",\"url\":\"http:\/\/dj-bert.de\/wp-content\/uploads\/2016\/06\/Peters_Brauhaus-300x220.jpg\",\"contentUrl\":\"http:\/\/dj-bert.de\/wp-content\/uploads\/2016\/06\/Peters_Brauhaus-300x220.jpg\"},{\"@type\":\"BreadcrumbList\",\"@id\":\"https:\/\/schillers-service.de\/dj-bertbak\/link-tipps\/#breadcrumb\",\"itemListElement\":[{\"@type\":\"ListItem\",\"position\":1,\"name\":\"Startseite\",\"item\":\"https:\/\/schillers-service.de\/dj-bertbak\/\"},{\"@type\":\"ListItem\",\"position\":2,\"name\":\"Link Tipps\"}]},{\"@type\":\"WebSite\",\"@id\":\"https:\/\/schillers-service.de\/dj-bertbak\/#website\",\"url\":\"https:\/\/schillers-service.de\/dj-bertbak\/\",\"name\":\"Backup of DJ-Bert\",\"description\":\"Gute Laune ist mein Motto\",\"publisher\":{\"@id\":\"https:\/\/schillers-service.de\/dj-bertbak\/#\/schema\/person\/033d26dc771cdb558bce72a55588d761\"},\"potentialAction\":[{\"@type\":\"SearchAction\",\"target\":{\"@type\":\"EntryPoint\",\"urlTemplate\":\"https:\/\/schillers-service.de\/dj-bertbak\/?s={search_term_string}\"},\"query-input\":{\"@type\":\"PropertyValueSpecification\",\"valueRequired\":true,\"valueName\":\"search_term_string\"}}],\"inLanguage\":\"de\"},{\"@type\":[\"Person\",\"Organization\"],\"@id\":\"https:\/\/schillers-service.de\/dj-bertbak\/#\/schema\/person\/033d26dc771cdb558bce72a55588d761\",\"name\":\"Berthold Krips\",\"image\":{\"@type\":\"ImageObject\",\"inLanguage\":\"de\",\"@id\":\"https:\/\/schillers-service.de\/dj-bertbak\/#\/schema\/person\/image\/\",\"url\":\"https:\/\/schillers-service.de\/dj-bertbak\/wp-content\/uploads\/sites\/18\/2018\/04\/cropped-bert2-1-e1523270226374-2.jpg\",\"contentUrl\":\"https:\/\/schillers-service.de\/dj-bertbak\/wp-content\/uploads\/sites\/18\/2018\/04\/cropped-bert2-1-e1523270226374-2.jpg\",\"width\":660,\"height\":794,\"caption\":\"Berthold Krips\"},\"logo\":{\"@id\":\"https:\/\/schillers-service.de\/dj-bertbak\/#\/schema\/person\/image\/\"},\"sameAs\":[\"http:\/\/dj-bert.de\"]}]}<\/script>\n<!-- \/ Yoast SEO plugin. -->","yoast_head_json":{"title":"Link Tipps - Backup of DJ-Bert","robots":{"index":"index","follow":"follow","max-snippet":"max-snippet:-1","max-image-preview":"max-image-preview:large","max-video-preview":"max-video-preview:-1"},"canonical":"https:\/\/schillers-service.de\/dj-bertbak\/link-tipps\/","og_locale":"de_DE","og_type":"article","og_title":"Link Tipps - Backup of DJ-Bert","og_description":"An dieser Stelle m\u00f6chte ich meine pers\u00f6nliche Linkliste zeigen. Sie wird nicht immer auf dem aktuellsten Stand sein und den ein oder andere habe ich vielleicht auch vergessen. Hier die [&hellip;]","og_url":"https:\/\/schillers-service.de\/dj-bertbak\/link-tipps\/","og_site_name":"Backup of DJ-Bert","article_modified_time":"2020-01-27T18:57:17+00:00","og_image":[{"url":"http:\/\/dj-bert.de\/wp-content\/uploads\/2016\/06\/Peters_Brauhaus-300x220.jpg","type":"","width":"","height":""}],"twitter_card":"summary_large_image","twitter_misc":{"Gesch\u00e4tzte Lesezeit":"2\u00a0Minuten"},"schema":{"@context":"https:\/\/schema.org","@graph":[{"@type":"WebPage","@id":"https:\/\/schillers-service.de\/dj-bertbak\/link-tipps\/","url":"https:\/\/schillers-service.de\/dj-bertbak\/link-tipps\/","name":"Link Tipps - Backup of DJ-Bert","isPartOf":{"@id":"https:\/\/schillers-service.de\/dj-bertbak\/#website"},"primaryImageOfPage":{"@id":"https:\/\/schillers-service.de\/dj-bertbak\/link-tipps\/#primaryimage"},"image":{"@id":"https:\/\/schillers-service.de\/dj-bertbak\/link-tipps\/#primaryimage"},"thumbnailUrl":"http:\/\/dj-bert.de\/wp-content\/uploads\/2016\/06\/Peters_Brauhaus-300x220.jpg","datePublished":"2016-11-23T07:53:42+00:00","dateModified":"2020-01-27T18:57:17+00:00","breadcrumb":{"@id":"https:\/\/schillers-service.de\/dj-bertbak\/link-tipps\/#breadcrumb"},"inLanguage":"de","potentialAction":[{"@type":"ReadAction","target":["https:\/\/schillers-service.de\/dj-bertbak\/link-tipps\/"]}]},{"@type":"ImageObject","inLanguage":"de","@id":"https:\/\/schillers-service.de\/dj-bertbak\/link-tipps\/#primaryimage","url":"http:\/\/dj-bert.de\/wp-content\/uploads\/2016\/06\/Peters_Brauhaus-300x220.jpg","contentUrl":"http:\/\/dj-bert.de\/wp-content\/uploads\/2016\/06\/Peters_Brauhaus-300x220.jpg"},{"@type":"BreadcrumbList","@id":"https:\/\/schillers-service.de\/dj-bertbak\/link-tipps\/#breadcrumb","itemListElement":[{"@type":"ListItem","position":1,"name":"Startseite","item":"https:\/\/schillers-service.de\/dj-bertbak\/"},{"@type":"ListItem","position":2,"name":"Link Tipps"}]},{"@type":"WebSite","@id":"https:\/\/schillers-service.de\/dj-bertbak\/#website","url":"https:\/\/schillers-service.de\/dj-bertbak\/","name":"Backup of DJ-Bert","description":"Gute Laune ist mein Motto","publisher":{"@id":"https:\/\/schillers-service.de\/dj-bertbak\/#\/schema\/person\/033d26dc771cdb558bce72a55588d761"},"potentialAction":[{"@type":"SearchAction","target":{"@type":"EntryPoint","urlTemplate":"https:\/\/schillers-service.de\/dj-bertbak\/?s={search_term_string}"},"query-input":{"@type":"PropertyValueSpecification","valueRequired":true,"valueName":"search_term_string"}}],"inLanguage":"de"},{"@type":["Person","Organization"],"@id":"https:\/\/schillers-service.de\/dj-bertbak\/#\/schema\/person\/033d26dc771cdb558bce72a55588d761","name":"Berthold Krips","image":{"@type":"ImageObject","inLanguage":"de","@id":"https:\/\/schillers-service.de\/dj-bertbak\/#\/schema\/person\/image\/","url":"https:\/\/schillers-service.de\/dj-bertbak\/wp-content\/uploads\/sites\/18\/2018\/04\/cropped-bert2-1-e1523270226374-2.jpg","contentUrl":"https:\/\/schillers-service.de\/dj-bertbak\/wp-content\/uploads\/sites\/18\/2018\/04\/cropped-bert2-1-e1523270226374-2.jpg","width":660,"height":794,"caption":"Berthold Krips"},"logo":{"@id":"https:\/\/schillers-service.de\/dj-bertbak\/#\/schema\/person\/image\/"},"sameAs":["http:\/\/dj-bert.de"]}]}},"_links":{"self":[{"href":"https:\/\/schillers-service.de\/dj-bertbak\/wp-json\/wp\/v2\/pages\/514","targetHints":{"allow":["GET"]}}],"collection":[{"href":"https:\/\/schillers-service.de\/dj-bertbak\/wp-json\/wp\/v2\/pages"}],"about":[{"href":"https:\/\/schillers-service.de\/dj-bertbak\/wp-json\/wp\/v2\/types\/page"}],"author":[{"embeddable":true,"href":"https:\/\/schillers-service.de\/dj-bertbak\/wp-json\/wp\/v2\/users\/1"}],"replies":[{"embeddable":true,"href":"https:\/\/schillers-service.de\/dj-bertbak\/wp-json\/wp\/v2\/comments?post=514"}],"version-history":[{"count":2,"href":"https:\/\/schillers-service.de\/dj-bertbak\/wp-json\/wp\/v2\/pages\/514\/revisions"}],"predecessor-version":[{"id":1236,"href":"https:\/\/schillers-service.de\/dj-bertbak\/wp-json\/wp\/v2\/pages\/514\/revisions\/1236"}],"wp:attachment":[{"href":"https:\/\/schillers-service.de\/dj-bertbak\/wp-json\/wp\/v2\/media?parent=514"}],"curies":[{"name":"wp","href":"https:\/\/api.w.org\/{rel}","templated":true}]}}